{"id":2087,"date":"2024-03-11T18:53:41","date_gmt":"2024-03-11T18:53:41","guid":{"rendered":"http:\/\/nowa.smbielawa.pl\/?page_id=2087"},"modified":"2024-11-21T21:32:10","modified_gmt":"2024-11-21T21:32:10","slug":"sck-kontakt","status":"publish","type":"page","link":"https:\/\/smbielawa.pl\/index.php\/sck-kontakt\/","title":{"rendered":"SCK Kontakt"},"content":{"rendered":"\t\t<div data-elementor-type=\"wp-page\" data-elementor-id=\"2087\" class=\"elementor elementor-2087\">\n\t\t\t\t<div class=\"elementor-element elementor-element-5c68788 e-flex e-con-boxed e-con e-parent\" data-id=\"5c68788\" data-element_type=\"container\" data-e-type=\"container\">\n\t\t\t\t\t<div class=\"e-con-inner\">\n\t\t\t\t<div class=\"elementor-element elementor-element-16935db elementor-widget elementor-widget-spacer\" data-id=\"16935db\" data-element_type=\"widget\" data-e-type=\"widget\" data-widget_type=\"spacer.default\">\n\t\t\t\t<div class=\"elementor-widget-container\">\n\t\t\t\t\t\t\t<div class=\"elementor-spacer\">\n\t\t\t<div class=\"elementor-spacer-inner\"><\/div>\n\t\t<\/div>\n\t\t\t\t\t\t<\/div>\n\t\t\t\t<\/div>\n\t\t\t\t<div class=\"elementor-element elementor-element-2e79b7b elementor-widget elementor-widget-heading\" data-id=\"2e79b7b\" data-element_type=\"widget\" data-e-type=\"widget\" data-widget_type=\"heading.default\">\n\t\t\t\t<div class=\"elementor-widget-container\">\n\t\t\t\t\t<h2 class=\"elementor-heading-title elementor-size-default\">Kontakt<\/h2>\t\t\t\t<\/div>\n\t\t\t\t<\/div>\n\t\t\t\t\t<\/div>\n\t\t\t\t<\/div>\n\t\t<div class=\"elementor-element elementor-element-1a5098d e-flex e-con-boxed e-con e-parent\" data-id=\"1a5098d\" data-element_type=\"container\" data-e-type=\"container\">\n\t\t\t\t\t<div class=\"e-con-inner\">\n\t\t\t\t<div class=\"elementor-element elementor-element-997de95 elementor-widget elementor-widget-spacer\" data-id=\"997de95\" data-element_type=\"widget\" data-e-type=\"widget\" data-widget_type=\"spacer.default\">\n\t\t\t\t<div class=\"elementor-widget-container\">\n\t\t\t\t\t\t\t<div class=\"elementor-spacer\">\n\t\t\t<div class=\"elementor-spacer-inner\"><\/div>\n\t\t<\/div>\n\t\t\t\t\t\t<\/div>\n\t\t\t\t<\/div>\n\t\t\t\t<div class=\"elementor-element elementor-element-405ae53 elementor-widget elementor-widget-text-editor\" data-id=\"405ae53\" data-element_type=\"widget\" data-e-type=\"widget\" data-widget_type=\"text-editor.default\">\n\t\t\t\t<div class=\"elementor-widget-container\">\n\t\t\t\t\t\t\t\t\t<p><b>Joanna Mogilinitskiy<\/b>&#8211; kierownik Zespo\u0142u, choreograf, re\u017cyser<br \/>Tel. <strong><a href=\"tel:697857886\">697 857 886<\/a><\/strong><\/p><p><b>Patrycja Skwarek<\/b>&#8211; instruktor ta\u0144ca, choreograf<br \/>Tel. <a href=\"tel:661300022\"><strong>661 300 022<\/strong><\/a><\/p><p><b>Joanna Barczyk<\/b>&#8211; instruktor wokalu<br \/>Tel. <a href=\"tel:606405490\"><strong>606 405 490<\/strong><\/a><\/p><p>e-mail: poloneziaki2001@gmail.com<\/p>\t\t\t\t\t\t\t\t<\/div>\n\t\t\t\t<\/div>\n\t\t\t\t<div class=\"elementor-element elementor-element-0108f86 elementor-widget elementor-widget-spacer\" data-id=\"0108f86\" data-element_type=\"widget\" data-e-type=\"widget\" data-widget_type=\"spacer.default\">\n\t\t\t\t<div class=\"elementor-widget-container\">\n\t\t\t\t\t\t\t<div class=\"elementor-spacer\">\n\t\t\t<div class=\"elementor-spacer-inner\"><\/div>\n\t\t<\/div>\n\t\t\t\t\t\t<\/div>\n\t\t\t\t<\/div>\n\t\t\t\t\t<\/div>\n\t\t\t\t<\/div>\n\t\t<div class=\"elementor-element elementor-element-3d1fce6d e-flex e-con-boxed e-con e-parent\" data-id=\"3d1fce6d\" data-element_type=\"container\" data-e-type=\"container\" data-settings=\"{&quot;background_background&quot;:&quot;classic&quot;}\">\n\t\t\t\t\t<div class=\"e-con-inner\">\n\t\t<div class=\"elementor-element elementor-element-10aea121 e-con-full e-flex e-con e-child\" data-id=\"10aea121\" data-element_type=\"container\" data-e-type=\"container\">\n\t\t\t\t<div class=\"elementor-element elementor-element-2a6763a4 elementor-widget-divider--view-line elementor-widget elementor-widget-divider\" data-id=\"2a6763a4\" data-element_type=\"widget\" data-e-type=\"widget\" data-widget_type=\"divider.default\">\n\t\t\t\t<div class=\"elementor-widget-container\">\n\t\t\t\t\t\t\t<div class=\"elementor-divider\">\n\t\t\t<span class=\"elementor-divider-separator\">\n\t\t\t\t\t\t<\/span>\n\t\t<\/div>\n\t\t\t\t\t\t<\/div>\n\t\t\t\t<\/div>\n\t\t\t\t<div class=\"elementor-element elementor-element-4d63767e elementor-widget elementor-widget-heading\" data-id=\"4d63767e\" data-element_type=\"widget\" data-e-type=\"widget\" data-widget_type=\"heading.default\">\n\t\t\t\t<div class=\"elementor-widget-container\">\n\t\t\t\t\t<h2 class=\"elementor-heading-title elementor-size-default\">Do\u0142\u0105cz do nas, aby uzyska\u0107 lepsze \u017cycie i pi\u0119kn\u0105 przysz\u0142o\u015b\u0107.<\/h2>\t\t\t\t<\/div>\n\t\t\t\t<\/div>\n\t\t\t\t<\/div>\n\t\t\t\t\t<\/div>\n\t\t\t\t<\/div>\n\t\t\t\t<\/div>\n\t\t","protected":false},"excerpt":{"rendered":"<p>Kontakt Joanna Mogilinitskiy&#8211; kierownik Zespo\u0142u, choreograf, re\u017cyserTel. 697 857 886 Patrycja Skwarek&#8211; instruktor ta\u0144ca, choreografTel. 661 300 022 Joanna Barczyk&#8211; instruktor wokaluTel. 606 405 490 e-mail: poloneziaki2001@gmail.com Do\u0142\u0105cz do nas, aby uzyska\u0107 lepsze \u017cycie i pi\u0119kn\u0105 przysz\u0142o\u015b\u0107.<\/p>\n","protected":false},"author":1,"featured_media":2273,"parent":0,"menu_order":0,"comment_status":"closed","ping_status":"closed","template":"","meta":{"footnotes":""},"class_list":["post-2087","page","type-page","status-publish","has-post-thumbnail","hentry"],"blocksy_meta":[],"_links":{"self":[{"href":"https:\/\/smbielawa.pl\/index.php\/wp-json\/wp\/v2\/pages\/2087","targetHints":{"allow":["GET"]}}],"collection":[{"href":"https:\/\/smbielawa.pl\/index.php\/wp-json\/wp\/v2\/pages"}],"about":[{"href":"https:\/\/smbielawa.pl\/index.php\/wp-json\/wp\/v2\/types\/page"}],"author":[{"embeddable":true,"href":"https:\/\/smbielawa.pl\/index.php\/wp-json\/wp\/v2\/users\/1"}],"replies":[{"embeddable":true,"href":"https:\/\/smbielawa.pl\/index.php\/wp-json\/wp\/v2\/comments?post=2087"}],"version-history":[{"count":13,"href":"https:\/\/smbielawa.pl\/index.php\/wp-json\/wp\/v2\/pages\/2087\/revisions"}],"predecessor-version":[{"id":2613,"href":"https:\/\/smbielawa.pl\/index.php\/wp-json\/wp\/v2\/pages\/2087\/revisions\/2613"}],"wp:featuredmedia":[{"embeddable":true,"href":"https:\/\/smbielawa.pl\/index.php\/wp-json\/wp\/v2\/media\/2273"}],"wp:attachment":[{"href":"https:\/\/smbielawa.pl\/index.php\/wp-json\/wp\/v2\/media?parent=2087"}],"curies":[{"name":"wp","href":"https:\/\/api.w.org\/{rel}","templated":true}]}}